

{"id":5302,"date":"2022-09-14T21:57:25","date_gmt":"2022-09-14T19:57:25","guid":{"rendered":"https:\/\/elifuste.com\/materiales-arteterapia\/"},"modified":"2022-09-14T21:59:10","modified_gmt":"2022-09-14T19:59:10","slug":"materiales-arteterapia","status":"publish","type":"page","link":"https:\/\/elifuste.com\/es\/materiales-arteterapia\/","title":{"rendered":"Materiales arteterapia"},"content":{"rendered":"\t\t<div data-elementor-type=\"wp-post\" data-elementor-id=\"5302\" class=\"elementor elementor-5302 elementor-5291\" data-elementor-settings=\"[]\">\n\t\t\t\t\t\t<div class=\"elementor-inner\">\n\t\t\t\t\t\t\t<div class=\"elementor-section-wrap\">\n\t\t\t\t\t\t\t<section class=\"elementor-section elementor-top-section elementor-element elementor-element-e7d4570 elementor-section-stretched elementor-section-height-min-height elementor-section-boxed elementor-section-height-default elementor-section-items-middle\" data-id=\"e7d4570\" data-element_type=\"section\" data-settings=\"{&quot;stretch_section&quot;:&quot;section-stretched&quot;,&quot;background_background&quot;:&quot;classic&quot;,&quot;shape_divider_bottom&quot;:&quot;tilt&quot;}\">\n\t\t\t\t\t\t\t<div class=\"elementor-background-overlay\"><\/div>\n\t\t\t\t\t\t<div class=\"elementor-shape elementor-shape-bottom\" data-negative=\"false\">\n\t\t\t<svg xmlns=\"http:\/\/www.w3.org\/2000\/svg\" viewBox=\"0 0 1000 100\" preserveAspectRatio=\"none\">\n\t<path class=\"elementor-shape-fill\" d=\"M0,6V0h1000v100L0,6z\"\/>\n<\/svg>\t\t<\/div>\n\t\t\t\t\t<div class=\"elementor-container elementor-column-gap-default\">\n\t\t\t\t\t\t\t<div class=\"elementor-row\">\n\t\t\t\t\t<div class=\"elementor-column elementor-col-50 elementor-top-column elementor-element elementor-element-4097855\" data-id=\"4097855\" data-element_type=\"column\">\n\t\t\t<div class=\"elementor-column-wrap elementor-element-populated\">\n\t\t\t\t\t\t\t<div class=\"elementor-widget-wrap\">\n\t\t\t\t\t\t<div class=\"elementor-element elementor-element-6ef0b39 animated-fast elementor-invisible elementor-widget elementor-widget-heading\" data-id=\"6ef0b39\" data-element_type=\"widget\" data-settings=\"{&quot;_animation&quot;:&quot;fadeInUp&quot;,&quot;_animation_delay&quot;:0}\" data-widget_type=\"heading.default\">\n\t\t\t\t<div class=\"elementor-widget-container\">\n\t\t\t<span class=\"elementor-heading-title elementor-size-default\">Los materiales<\/span>\t\t<\/div>\n\t\t\t\t<\/div>\n\t\t\t\t<div class=\"elementor-element elementor-element-b6185d3 animated-fast elementor-invisible elementor-widget elementor-widget-heading\" data-id=\"b6185d3\" data-element_type=\"widget\" data-settings=\"{&quot;_animation&quot;:&quot;fadeInUp&quot;,&quot;_animation_delay&quot;:200}\" data-widget_type=\"heading.default\">\n\t\t\t\t<div class=\"elementor-widget-container\">\n\t\t\t<span class=\"elementor-heading-title elementor-size-default\"><h1 class=\"h1_headers\">\u00a1Hola!<br>A continuaci\u00f3n te hago una sugerencia de diferentes materiales para tenerlos a su alcance, para crear sin l\u00edmites.<\/h1><\/span>\t\t<\/div>\n\t\t\t\t<\/div>\n\t\t\t\t\t\t<\/div>\n\t\t\t\t\t<\/div>\n\t\t<\/div>\n\t\t\t\t<div class=\"elementor-column elementor-col-50 elementor-top-column elementor-element elementor-element-21f07aa\" data-id=\"21f07aa\" data-element_type=\"column\">\n\t\t\t<div class=\"elementor-column-wrap\">\n\t\t\t\t\t\t\t<div class=\"elementor-widget-wrap\">\n\t\t\t\t\t\t\t\t<\/div>\n\t\t\t\t\t<\/div>\n\t\t<\/div>\n\t\t\t\t\t\t\t\t<\/div>\n\t\t\t\t\t<\/div>\n\t\t<\/section>\n\t\t\t\t<section class=\"elementor-section elementor-top-section elementor-element elementor-element-13c5dd6 elementor-section-boxed elementor-section-height-default elementor-section-height-default\" data-id=\"13c5dd6\" data-element_type=\"section\">\n\t\t\t\t\t\t<div class=\"elementor-container elementor-column-gap-default\">\n\t\t\t\t\t\t\t<div class=\"elementor-row\">\n\t\t\t\t\t<div class=\"elementor-column elementor-col-50 elementor-top-column elementor-element elementor-element-fe99c46\" data-id=\"fe99c46\" data-element_type=\"column\">\n\t\t\t<div class=\"elementor-column-wrap elementor-element-populated\">\n\t\t\t\t\t\t\t<div class=\"elementor-widget-wrap\">\n\t\t\t\t\t\t<div class=\"elementor-element elementor-element-a1f77b1 animated-fast elementor-invisible elementor-widget elementor-widget-heading\" data-id=\"a1f77b1\" data-element_type=\"widget\" data-settings=\"{&quot;_animation&quot;:&quot;fadeInUp&quot;}\" data-widget_type=\"heading.default\">\n\t\t\t\t<div class=\"elementor-widget-container\">\n\t\t\t<h2 class=\"elementor-heading-title elementor-size-default\">Sugerencia de materiales, para las sesiones de arteterapia por videollamada<\/h2>\t\t<\/div>\n\t\t\t\t<\/div>\n\t\t\t\t<div class=\"elementor-element elementor-element-92aaff8 animated-fast elementor-invisible elementor-widget elementor-widget-text-editor\" data-id=\"92aaff8\" data-element_type=\"widget\" data-settings=\"{&quot;_animation&quot;:&quot;fadeInUp&quot;,&quot;_animation_delay&quot;:200}\" data-widget_type=\"text-editor.default\">\n\t\t\t\t<div class=\"elementor-widget-container\">\n\t\t\t\t\t<div class=\"elementor-text-editor elementor-clearfix\"><p>\u00c9stas son <strong>algunas sugerencias generales de materiales que encuentro especialmente \u00fatiles para nuestras sesiones.<\/strong><\/p>\n<p>Por favor, no es ninguna exigencia ni requisito, ni es necesario tener todo lo que te propongo en esta lista&#8230; \u00a1no te limites s\u00f3lo a estas cosas! S\u00e9 creative, mira en tu cocina, busca en los cajones, en la basura, o cosas de reciclaje que te puedan llamar la atenci\u00f3n. Todo es bienvenido.<\/p>\n<p>Tambi\u00e9n he incluido una lista m\u00e1s peque\u00f1a de &#8220;Pack de inicio&#8221; para empezar.<\/p>\n<p><strong>\u00a1La mayor\u00eda del material que propongo lo puedes encontrar por internet o en cualquier tienda de material de arte!<\/strong><\/p>\n<\/div>\n\t\t\t\t<\/div>\n\t\t\t\t<\/div>\n\t\t\t\t<div class=\"elementor-element elementor-element-82be0e8 animated-fast elementor-widget__width-auto elementor-invisible elementor-widget elementor-widget-button\" data-id=\"82be0e8\" data-element_type=\"widget\" data-settings=\"{&quot;_animation&quot;:&quot;fadeInUp&quot;,&quot;_animation_delay&quot;:400}\" data-widget_type=\"button.default\">\n\t\t\t\t<div class=\"elementor-widget-container\">\n\t\t\t\t\t<div class=\"elementor-button-wrapper\">\n\t\t\t<a href=\"https:\/\/elifuste.com\/es\/contacto\/\" class=\"elementor-button-link elementor-button elementor-size-sm elementor-animation-shrink\" role=\"button\">\n\t\t\t\t\t\t<span class=\"elementor-button-content-wrapper\">\n\t\t\t\t\t\t<span class=\"elementor-button-text\">Si tienes dudas, cont\u00e1ctame<\/span>\n\t\t<\/span>\n\t\t\t\t\t<\/a>\n\t\t<\/div>\n\t\t\t\t<\/div>\n\t\t\t\t<\/div>\n\t\t\t\t\t\t<\/div>\n\t\t\t\t\t<\/div>\n\t\t<\/div>\n\t\t\t\t<div class=\"elementor-column elementor-col-50 elementor-top-column elementor-element elementor-element-5b8696f\" data-id=\"5b8696f\" data-element_type=\"column\">\n\t\t\t<div class=\"elementor-column-wrap elementor-element-populated\">\n\t\t\t\t\t\t\t<div class=\"elementor-widget-wrap\">\n\t\t\t\t\t\t<div class=\"elementor-element elementor-element-22905ad translate_bottom elementor-widget elementor-widget-image\" data-id=\"22905ad\" data-element_type=\"widget\" data-widget_type=\"image.default\">\n\t\t\t\t<div class=\"elementor-widget-container\">\n\t\t\t\t\t<div class=\"elementor-image\">\n\t\t\t\t\t\t\t\t\t\t<img loading=\"lazy\" decoding=\"async\" width=\"683\" height=\"1024\" src=\"https:\/\/elifuste.com\/wp-content\/uploads\/2022\/09\/so-flow-5rCLvoNnOu4-unsplash-683x1024.jpeg\" class=\"attachment-large size-large\" alt=\"Autoconeixement, creixement personal, artter\u00e0pia, expressi\u00f3, ter\u00e0pia individual, ter\u00e0pia infantil, ter\u00e0pia adolescents, autoestima, poder personal, maternitat, mares, maternar\" srcset=\"https:\/\/elifuste.com\/wp-content\/uploads\/2022\/09\/so-flow-5rCLvoNnOu4-unsplash-683x1024.jpeg 683w, https:\/\/elifuste.com\/wp-content\/uploads\/2022\/09\/so-flow-5rCLvoNnOu4-unsplash-200x300.jpeg 200w, https:\/\/elifuste.com\/wp-content\/uploads\/2022\/09\/so-flow-5rCLvoNnOu4-unsplash-768x1152.jpeg 768w, https:\/\/elifuste.com\/wp-content\/uploads\/2022\/09\/so-flow-5rCLvoNnOu4-unsplash-1024x1536.jpeg 1024w, https:\/\/elifuste.com\/wp-content\/uploads\/2022\/09\/so-flow-5rCLvoNnOu4-unsplash-1365x2048.jpeg 1365w, https:\/\/elifuste.com\/wp-content\/uploads\/2022\/09\/so-flow-5rCLvoNnOu4-unsplash-440x660.jpeg 440w, https:\/\/elifuste.com\/wp-content\/uploads\/2022\/09\/so-flow-5rCLvoNnOu4-unsplash-scaled.jpeg 1707w\" sizes=\"auto, (max-width: 683px) 100vw, 683px\" \/>\t\t\t\t\t\t\t\t\t\t\t<\/div>\n\t\t\t\t<\/div>\n\t\t\t\t<\/div>\n\t\t\t\t\t\t<\/div>\n\t\t\t\t\t<\/div>\n\t\t<\/div>\n\t\t\t\t\t\t\t\t<\/div>\n\t\t\t\t\t<\/div>\n\t\t<\/section>\n\t\t\t\t<section class=\"elementor-section elementor-top-section elementor-element elementor-element-d86663d elementor-section-boxed elementor-section-height-default elementor-section-height-default\" data-id=\"d86663d\" data-element_type=\"section\">\n\t\t\t\t\t\t<div class=\"elementor-container elementor-column-gap-default\">\n\t\t\t\t\t\t\t<div class=\"elementor-row\">\n\t\t\t\t\t<div class=\"elementor-column elementor-col-33 elementor-top-column elementor-element elementor-element-064bcd9\" data-id=\"064bcd9\" data-element_type=\"column\">\n\t\t\t<div class=\"elementor-column-wrap elementor-element-populated\">\n\t\t\t\t\t\t\t<div class=\"elementor-widget-wrap\">\n\t\t\t\t\t\t<div class=\"elementor-element elementor-element-ed96aa6 elementor-widget elementor-widget-text-editor\" data-id=\"ed96aa6\" data-element_type=\"widget\" data-widget_type=\"text-editor.default\">\n\t\t\t\t<div class=\"elementor-widget-container\">\n\t\t\t\t\t<div class=\"elementor-text-editor elementor-clearfix\"><h3><strong>B\u00e1sicos para tener a mano:<\/strong><\/h3>\n<ul>\n<li>Pasteles al \u00f3leo<\/li>\n<li>Pasteles blandos<\/li>\n<li>Barras de grafito (una variedad de grados duros\/blandos)<\/li>\n<li>L\u00e1pices de colores (normales y acuarelas)<\/li>\n<li>Ceras de colores<\/li>\n<li>Papeles grandes o cartulinas<\/li>\n<li>Papeles de acuarela<\/li>\n<li>Pinturas de acuarela (recomiendo una peque\u00f1a paleta de colores mezclados para empezar!)<\/li>\n<li>Carboncillos y\/o grafito pueden ser ideales para trabajar con menos color (negro, grises).<\/li>\n<\/ul>\n<\/div>\n\t\t\t\t<\/div>\n\t\t\t\t<\/div>\n\t\t\t\t\t\t<\/div>\n\t\t\t\t\t<\/div>\n\t\t<\/div>\n\t\t\t\t<div class=\"elementor-column elementor-col-33 elementor-top-column elementor-element elementor-element-d7df7e1\" data-id=\"d7df7e1\" data-element_type=\"column\">\n\t\t\t<div class=\"elementor-column-wrap elementor-element-populated\">\n\t\t\t\t\t\t\t<div class=\"elementor-widget-wrap\">\n\t\t\t\t\t\t<div class=\"elementor-element elementor-element-cfcece5 elementor-widget elementor-widget-text-editor\" data-id=\"cfcece5\" data-element_type=\"widget\" data-widget_type=\"text-editor.default\">\n\t\t\t\t<div class=\"elementor-widget-container\">\n\t\t\t\t\t<div class=\"elementor-text-editor elementor-clearfix\"><h3><strong>Cosas que quiz\u00e1s ya tienes a mano:<\/strong><\/h3><ul><li>Tijeras<\/li><li>Pegamento (pegamento blanco normal y\/o barra de pegamento)<\/li><li>Cinta adhesiva<\/li><li>Revistas\/libros que puedes recortar.<\/li><li>L\u00e1pices (l\u00e1pices normales, varillas de grafito).<\/li><li>L\u00e1pices de colores<\/li><li>Sacapuntas<\/li><li>Pinceles de diferentes tama\u00f1os<\/li><li>Pintura (acuarela, temple, acr\u00edlico).<\/li><li>Paleta de pintura de pl\u00e1stico o madera. O tambi\u00e9n puede utilizar un trozo de cart\u00f3n o un plato blanco\/transparente (o cualquier cosa con una superficie lisa).<\/li><li>Cuchillo de paleta (puede obtener pl\u00e1stico o metal)&#8230; pueden ser \u00fatiles para sacar y mezclar pintura, pero tambi\u00e9n para pintar en ella.<\/li><li>Papel (cualquier tama\u00f1o o color&#8230; Yo tiendo al blanco, ya que ver\u00e1 m\u00e1s saturaci\u00f3n de colores de esta manera, pero cualquiera puede funcionar).<\/li><li>Arcilla (recomiendo coger paquetes peque\u00f1os, para que no se sequen) S\u00f3lo compre arcilla seca en el aire, y nada que tenga que cocerse en el horno.<\/li><li>Hilo de bordar (colores variados)<\/li><li>Aguja de bordado\/tapiz<\/li><li>Trocitos o recortes de tejidos<\/li><li>Telar de cart\u00f3n reutilizable\u00a0<\/li><li>Hilo (tallas\/colores variados)<\/li><\/ul><\/div>\n\t\t\t\t<\/div>\n\t\t\t\t<\/div>\n\t\t\t\t\t\t<\/div>\n\t\t\t\t\t<\/div>\n\t\t<\/div>\n\t\t\t\t<div class=\"elementor-column elementor-col-33 elementor-top-column elementor-element elementor-element-0fb9ddb\" data-id=\"0fb9ddb\" data-element_type=\"column\">\n\t\t\t<div class=\"elementor-column-wrap elementor-element-populated\">\n\t\t\t\t\t\t\t<div class=\"elementor-widget-wrap\">\n\t\t\t\t\t\t<div class=\"elementor-element elementor-element-077a4a4 elementor-widget elementor-widget-text-editor\" data-id=\"077a4a4\" data-element_type=\"widget\" data-widget_type=\"text-editor.default\">\n\t\t\t\t<div class=\"elementor-widget-container\">\n\t\t\t\t\t<div class=\"elementor-text-editor elementor-clearfix\"><h3><b>Pack de inicio<\/b><\/h3>\n<p>Si tuviera que sugerir un paquete de inicio sencillo, creo que ir\u00eda con esto:<\/p>\n<ul>\n<li>Papel grande<\/li>\n<li>Papel de acuarela<\/li>\n<li>Pasteles de aceite y blandos<\/li>\n<li>Pinturas de acuarela.<\/li>\n<li>Pinceles de diferente tama\u00f1o<\/li>\n<li>Cinta adhesiva<\/li>\n<li>Pegamento (pegamento blanco normal y\/o barra de pegamento)<\/li>\n<li>Tijeras<\/li>\n<li>Hilo de bordar y aguja de bordar\/tapiz.<\/li>\n<\/ul><\/div>\n\t\t\t\t<\/div>\n\t\t\t\t<\/div>\n\t\t\t\t\t\t<\/div>\n\t\t\t\t\t<\/div>\n\t\t<\/div>\n\t\t\t\t\t\t\t\t<\/div>\n\t\t\t\t\t<\/div>\n\t\t<\/section>\n\t\t\t\t\t\t<\/div>\n\t\t\t\t\t\t<\/div>\n\t\t\t\t\t<\/div>\n\t\t","protected":false},"excerpt":{"rendered":"<p>Los materiales \u00a1Hola!A continuaci\u00f3n te hago una sugerencia de diferentes materiales para tenerlos a su alcance, para crear sin l\u00edmites. [&hellip;]<\/p>\n","protected":false},"author":2,"featured_media":0,"parent":0,"menu_order":0,"comment_status":"closed","ping_status":"closed","template":"","meta":{"footnotes":""},"class_list":["post-5302","page","type-page","status-publish","hentry"],"yoast_head":"<!-- This site is optimized with the Yoast SEO plugin v26.8 - https:\/\/yoast.com\/product\/yoast-seo-wordpress\/ -->\n<title>Materiales arteterapia | Eli Fust\u00e9 | Artterapeuta - Coach familiar - Terapeuta Gestalt Girona<\/title>\n<meta name=\"description\" content=\"Eli es una terapeuta Gestalt, profesional del acompa\u00f1amiento psicol\u00f3gico, que trabaja con el arteterapia y el coaching desde Girona y el Empord\u00e0\" \/>\n<meta name=\"robots\" content=\"index, follow, max-snippet:-1, max-image-preview:large, max-video-preview:-1\" \/>\n<link rel=\"canonical\" href=\"https:\/\/elifuste.com\/es\/materiales-arteterapia\/\" \/>\n<meta property=\"og:locale\" content=\"es_ES\" \/>\n<meta property=\"og:type\" content=\"article\" \/>\n<meta property=\"og:title\" content=\"Materiales arteterapia | Eli Fust\u00e9 | Artterapeuta - Coach familiar - Terapeuta Gestalt Girona\" \/>\n<meta property=\"og:description\" content=\"Eli es una terapeuta Gestalt, profesional del acompa\u00f1amiento psicol\u00f3gico, que trabaja con el arteterapia y el coaching desde Girona y el Empord\u00e0\" \/>\n<meta property=\"og:url\" content=\"https:\/\/elifuste.com\/es\/materiales-arteterapia\/\" \/>\n<meta property=\"og:site_name\" content=\"Eli Fust\u00e9 | Artterapeuta - Coach familiar - Terapeuta Gestalt Girona\" \/>\n<meta property=\"article:publisher\" content=\"https:\/\/www.facebook.com\/elifuste.terapeuta\/\" \/>\n<meta property=\"article:modified_time\" content=\"2022-09-14T19:59:10+00:00\" \/>\n<meta property=\"og:image\" content=\"https:\/\/elifuste.com\/wp-content\/uploads\/2022\/09\/so-flow-5rCLvoNnOu4-unsplash-683x1024.jpeg\" \/>\n<meta name=\"twitter:card\" content=\"summary_large_image\" \/>\n<meta name=\"twitter:label1\" content=\"Tiempo de lectura\" \/>\n\t<meta name=\"twitter:data1\" content=\"2 minutos\" \/>\n<script type=\"application\/ld+json\" class=\"yoast-schema-graph\">{\"@context\":\"https:\/\/schema.org\",\"@graph\":[{\"@type\":\"WebPage\",\"@id\":\"https:\/\/elifuste.com\/es\/materiales-arteterapia\/\",\"url\":\"https:\/\/elifuste.com\/es\/materiales-arteterapia\/\",\"name\":\"Materiales arteterapia | Eli Fust\u00e9 | Artterapeuta - Coach familiar - Terapeuta Gestalt Girona\",\"isPartOf\":{\"@id\":\"https:\/\/elifuste.com\/es\/#website\"},\"primaryImageOfPage\":{\"@id\":\"https:\/\/elifuste.com\/es\/materiales-arteterapia\/#primaryimage\"},\"image\":{\"@id\":\"https:\/\/elifuste.com\/es\/materiales-arteterapia\/#primaryimage\"},\"thumbnailUrl\":\"https:\/\/elifuste.com\/wp-content\/uploads\/2022\/09\/so-flow-5rCLvoNnOu4-unsplash-683x1024.jpeg\",\"datePublished\":\"2022-09-14T19:57:25+00:00\",\"dateModified\":\"2022-09-14T19:59:10+00:00\",\"description\":\"Eli es una terapeuta Gestalt, profesional del acompa\u00f1amiento psicol\u00f3gico, que trabaja con el arteterapia y el coaching desde Girona y el Empord\u00e0\",\"breadcrumb\":{\"@id\":\"https:\/\/elifuste.com\/es\/materiales-arteterapia\/#breadcrumb\"},\"inLanguage\":\"es\",\"potentialAction\":[{\"@type\":\"ReadAction\",\"target\":[\"https:\/\/elifuste.com\/es\/materiales-arteterapia\/\"]}]},{\"@type\":\"ImageObject\",\"inLanguage\":\"es\",\"@id\":\"https:\/\/elifuste.com\/es\/materiales-arteterapia\/#primaryimage\",\"url\":\"https:\/\/elifuste.com\/wp-content\/uploads\/2022\/09\/so-flow-5rCLvoNnOu4-unsplash-683x1024.jpeg\",\"contentUrl\":\"https:\/\/elifuste.com\/wp-content\/uploads\/2022\/09\/so-flow-5rCLvoNnOu4-unsplash-683x1024.jpeg\"},{\"@type\":\"BreadcrumbList\",\"@id\":\"https:\/\/elifuste.com\/es\/materiales-arteterapia\/#breadcrumb\",\"itemListElement\":[{\"@type\":\"ListItem\",\"position\":1,\"name\":\"Inici\",\"item\":\"https:\/\/elifuste.com\/es\/\"},{\"@type\":\"ListItem\",\"position\":2,\"name\":\"Materiales arteterapia\"}]},{\"@type\":\"WebSite\",\"@id\":\"https:\/\/elifuste.com\/es\/#website\",\"url\":\"https:\/\/elifuste.com\/es\/\",\"name\":\"Eli Fust\u00e9 | Artterapeuta - Coach familiar - Terapeuta Gestalt Girona\",\"description\":\"Hola. S\u00f3c l&#039;Eli, artterapeuta, coach familiar i estudiant de psicologia Gestalt. Endavant\",\"publisher\":{\"@id\":\"https:\/\/elifuste.com\/es\/#organization\"},\"potentialAction\":[{\"@type\":\"SearchAction\",\"target\":{\"@type\":\"EntryPoint\",\"urlTemplate\":\"https:\/\/elifuste.com\/es\/?s={search_term_string}\"},\"query-input\":{\"@type\":\"PropertyValueSpecification\",\"valueRequired\":true,\"valueName\":\"search_term_string\"}}],\"inLanguage\":\"es\"},{\"@type\":\"Organization\",\"@id\":\"https:\/\/elifuste.com\/es\/#organization\",\"name\":\"Eli Fust\u00e9\",\"url\":\"https:\/\/elifuste.com\/es\/\",\"logo\":{\"@type\":\"ImageObject\",\"inLanguage\":\"es\",\"@id\":\"https:\/\/elifuste.com\/es\/#\/schema\/logo\/image\/\",\"url\":\"https:\/\/elifuste.com\/wp-content\/uploads\/2019\/10\/Logo-web-pos-Eli-Fuste.png\",\"contentUrl\":\"https:\/\/elifuste.com\/wp-content\/uploads\/2019\/10\/Logo-web-pos-Eli-Fuste.png\",\"width\":200,\"height\":60,\"caption\":\"Eli Fust\u00e9\"},\"image\":{\"@id\":\"https:\/\/elifuste.com\/es\/#\/schema\/logo\/image\/\"},\"sameAs\":[\"https:\/\/www.facebook.com\/elifuste.terapeuta\/\",\"https:\/\/www.instagram.com\/elifuste.terapeuta\/\",\"https:\/\/www.linkedin.com\/in\/elisendafuste\/\"]}]}<\/script>\n<!-- \/ Yoast SEO plugin. -->","yoast_head_json":{"title":"Materiales arteterapia | Eli Fust\u00e9 | Artterapeuta - Coach familiar - Terapeuta Gestalt Girona","description":"Eli es una terapeuta Gestalt, profesional del acompa\u00f1amiento psicol\u00f3gico, que trabaja con el arteterapia y el coaching desde Girona y el Empord\u00e0","robots":{"index":"index","follow":"follow","max-snippet":"max-snippet:-1","max-image-preview":"max-image-preview:large","max-video-preview":"max-video-preview:-1"},"canonical":"https:\/\/elifuste.com\/es\/materiales-arteterapia\/","og_locale":"es_ES","og_type":"article","og_title":"Materiales arteterapia | Eli Fust\u00e9 | Artterapeuta - Coach familiar - Terapeuta Gestalt Girona","og_description":"Eli es una terapeuta Gestalt, profesional del acompa\u00f1amiento psicol\u00f3gico, que trabaja con el arteterapia y el coaching desde Girona y el Empord\u00e0","og_url":"https:\/\/elifuste.com\/es\/materiales-arteterapia\/","og_site_name":"Eli Fust\u00e9 | Artterapeuta - Coach familiar - Terapeuta Gestalt Girona","article_publisher":"https:\/\/www.facebook.com\/elifuste.terapeuta\/","article_modified_time":"2022-09-14T19:59:10+00:00","og_image":[{"url":"https:\/\/elifuste.com\/wp-content\/uploads\/2022\/09\/so-flow-5rCLvoNnOu4-unsplash-683x1024.jpeg","type":"","width":"","height":""}],"twitter_card":"summary_large_image","twitter_misc":{"Tiempo de lectura":"2 minutos"},"schema":{"@context":"https:\/\/schema.org","@graph":[{"@type":"WebPage","@id":"https:\/\/elifuste.com\/es\/materiales-arteterapia\/","url":"https:\/\/elifuste.com\/es\/materiales-arteterapia\/","name":"Materiales arteterapia | Eli Fust\u00e9 | Artterapeuta - Coach familiar - Terapeuta Gestalt Girona","isPartOf":{"@id":"https:\/\/elifuste.com\/es\/#website"},"primaryImageOfPage":{"@id":"https:\/\/elifuste.com\/es\/materiales-arteterapia\/#primaryimage"},"image":{"@id":"https:\/\/elifuste.com\/es\/materiales-arteterapia\/#primaryimage"},"thumbnailUrl":"https:\/\/elifuste.com\/wp-content\/uploads\/2022\/09\/so-flow-5rCLvoNnOu4-unsplash-683x1024.jpeg","datePublished":"2022-09-14T19:57:25+00:00","dateModified":"2022-09-14T19:59:10+00:00","description":"Eli es una terapeuta Gestalt, profesional del acompa\u00f1amiento psicol\u00f3gico, que trabaja con el arteterapia y el coaching desde Girona y el Empord\u00e0","breadcrumb":{"@id":"https:\/\/elifuste.com\/es\/materiales-arteterapia\/#breadcrumb"},"inLanguage":"es","potentialAction":[{"@type":"ReadAction","target":["https:\/\/elifuste.com\/es\/materiales-arteterapia\/"]}]},{"@type":"ImageObject","inLanguage":"es","@id":"https:\/\/elifuste.com\/es\/materiales-arteterapia\/#primaryimage","url":"https:\/\/elifuste.com\/wp-content\/uploads\/2022\/09\/so-flow-5rCLvoNnOu4-unsplash-683x1024.jpeg","contentUrl":"https:\/\/elifuste.com\/wp-content\/uploads\/2022\/09\/so-flow-5rCLvoNnOu4-unsplash-683x1024.jpeg"},{"@type":"BreadcrumbList","@id":"https:\/\/elifuste.com\/es\/materiales-arteterapia\/#breadcrumb","itemListElement":[{"@type":"ListItem","position":1,"name":"Inici","item":"https:\/\/elifuste.com\/es\/"},{"@type":"ListItem","position":2,"name":"Materiales arteterapia"}]},{"@type":"WebSite","@id":"https:\/\/elifuste.com\/es\/#website","url":"https:\/\/elifuste.com\/es\/","name":"Eli Fust\u00e9 | Artterapeuta - Coach familiar - Terapeuta Gestalt Girona","description":"Hola. S\u00f3c l&#039;Eli, artterapeuta, coach familiar i estudiant de psicologia Gestalt. Endavant","publisher":{"@id":"https:\/\/elifuste.com\/es\/#organization"},"potentialAction":[{"@type":"SearchAction","target":{"@type":"EntryPoint","urlTemplate":"https:\/\/elifuste.com\/es\/?s={search_term_string}"},"query-input":{"@type":"PropertyValueSpecification","valueRequired":true,"valueName":"search_term_string"}}],"inLanguage":"es"},{"@type":"Organization","@id":"https:\/\/elifuste.com\/es\/#organization","name":"Eli Fust\u00e9","url":"https:\/\/elifuste.com\/es\/","logo":{"@type":"ImageObject","inLanguage":"es","@id":"https:\/\/elifuste.com\/es\/#\/schema\/logo\/image\/","url":"https:\/\/elifuste.com\/wp-content\/uploads\/2019\/10\/Logo-web-pos-Eli-Fuste.png","contentUrl":"https:\/\/elifuste.com\/wp-content\/uploads\/2019\/10\/Logo-web-pos-Eli-Fuste.png","width":200,"height":60,"caption":"Eli Fust\u00e9"},"image":{"@id":"https:\/\/elifuste.com\/es\/#\/schema\/logo\/image\/"},"sameAs":["https:\/\/www.facebook.com\/elifuste.terapeuta\/","https:\/\/www.instagram.com\/elifuste.terapeuta\/","https:\/\/www.linkedin.com\/in\/elisendafuste\/"]}]}},"_links":{"self":[{"href":"https:\/\/elifuste.com\/es\/wp-json\/wp\/v2\/pages\/5302","targetHints":{"allow":["GET"]}}],"collection":[{"href":"https:\/\/elifuste.com\/es\/wp-json\/wp\/v2\/pages"}],"about":[{"href":"https:\/\/elifuste.com\/es\/wp-json\/wp\/v2\/types\/page"}],"author":[{"embeddable":true,"href":"https:\/\/elifuste.com\/es\/wp-json\/wp\/v2\/users\/2"}],"replies":[{"embeddable":true,"href":"https:\/\/elifuste.com\/es\/wp-json\/wp\/v2\/comments?post=5302"}],"version-history":[{"count":4,"href":"https:\/\/elifuste.com\/es\/wp-json\/wp\/v2\/pages\/5302\/revisions"}],"predecessor-version":[{"id":6049,"href":"https:\/\/elifuste.com\/es\/wp-json\/wp\/v2\/pages\/5302\/revisions\/6049"}],"wp:attachment":[{"href":"https:\/\/elifuste.com\/es\/wp-json\/wp\/v2\/media?parent=5302"}],"curies":[{"name":"wp","href":"https:\/\/api.w.org\/{rel}","templated":true}]}}