

{"id":7546,"date":"2024-04-04T18:20:13","date_gmt":"2024-04-04T16:20:13","guid":{"rendered":"https:\/\/elifuste.com\/?page_id=7546"},"modified":"2024-07-17T13:17:41","modified_gmt":"2024-07-17T11:17:41","slug":"yo-y-mi-historia","status":"publish","type":"page","link":"https:\/\/elifuste.com\/es\/yo-y-mi-historia\/","title":{"rendered":"Yo y mi historia"},"content":{"rendered":"\t\t<div data-elementor-type=\"wp-page\" data-elementor-id=\"7546\" class=\"elementor elementor-7546\" data-elementor-settings=\"[]\">\n\t\t\t\t\t\t<div class=\"elementor-inner\">\n\t\t\t\t\t\t\t<div class=\"elementor-section-wrap\">\n\t\t\t\t\t\t\t<section class=\"elementor-section elementor-top-section elementor-element elementor-element-28567c0 elementor-section-boxed elementor-section-height-default elementor-section-height-default\" data-id=\"28567c0\" data-element_type=\"section\">\n\t\t\t\t\t\t<div class=\"elementor-container elementor-column-gap-default\">\n\t\t\t\t\t\t\t<div class=\"elementor-row\">\n\t\t\t\t\t<div class=\"elementor-column elementor-col-100 elementor-top-column elementor-element elementor-element-6027b29\" data-id=\"6027b29\" data-element_type=\"column\">\n\t\t\t<div class=\"elementor-column-wrap elementor-element-populated\">\n\t\t\t\t\t\t\t<div class=\"elementor-widget-wrap\">\n\t\t\t\t\t\t<section class=\"elementor-section elementor-inner-section elementor-element elementor-element-53be563 elementor-section-boxed elementor-section-height-default elementor-section-height-default\" data-id=\"53be563\" data-element_type=\"section\">\n\t\t\t\t\t\t<div class=\"elementor-container elementor-column-gap-default\">\n\t\t\t\t\t\t\t<div class=\"elementor-row\">\n\t\t\t\t\t<div class=\"elementor-column elementor-col-50 elementor-inner-column elementor-element elementor-element-c73ddde\" data-id=\"c73ddde\" data-element_type=\"column\">\n\t\t\t<div class=\"elementor-column-wrap elementor-element-populated\">\n\t\t\t\t\t\t\t<div class=\"elementor-widget-wrap\">\n\t\t\t\t\t\t<div class=\"elementor-element elementor-element-d922241 elementor-widget elementor-widget-text-editor\" data-id=\"d922241\" data-element_type=\"widget\" data-widget_type=\"text-editor.default\">\n\t\t\t\t<div class=\"elementor-widget-container\">\n\t\t\t\t\t<div class=\"elementor-text-editor elementor-clearfix\"><p><b><i>\u00bfEst\u00e1s lista para desatar el poder de tu historia y transformar tu presente?\u00a0 \u00a0<\/i><\/b>\u273a<b><i>\u00a1Es hora de brillar como nunca antes! <\/i><\/b>\u273a<\/p><\/div>\n\t\t\t\t<\/div>\n\t\t\t\t<\/div>\n\t\t\t\t\t\t<\/div>\n\t\t\t\t\t<\/div>\n\t\t<\/div>\n\t\t\t\t<div class=\"elementor-column elementor-col-50 elementor-inner-column elementor-element elementor-element-485e4db\" data-id=\"485e4db\" data-element_type=\"column\">\n\t\t\t<div class=\"elementor-column-wrap elementor-element-populated\">\n\t\t\t\t\t\t\t<div class=\"elementor-widget-wrap\">\n\t\t\t\t\t\t<div class=\"elementor-element elementor-element-101ce6b elementor-align-center elementor-absolute elementor-widget elementor-widget-button\" data-id=\"101ce6b\" data-element_type=\"widget\" data-settings=\"{&quot;_position&quot;:&quot;absolute&quot;}\" data-widget_type=\"button.default\">\n\t\t\t\t<div class=\"elementor-widget-container\">\n\t\t\t\t\t<div class=\"elementor-button-wrapper\">\n\t\t\t<a href=\"https:\/\/dashboard.mailerlite.com\/forms\/15223\/117700802757264474\/share\" target=\"_blank\" class=\"elementor-button-link elementor-button elementor-size-sm\" role=\"button\">\n\t\t\t\t\t\t<span class=\"elementor-button-content-wrapper\">\n\t\t\t\t\t\t<span class=\"elementor-button-text\">S\u00cd, ESTOY LISTA<\/span>\n\t\t<\/span>\n\t\t\t\t\t<\/a>\n\t\t<\/div>\n\t\t\t\t<\/div>\n\t\t\t\t<\/div>\n\t\t\t\t\t\t<\/div>\n\t\t\t\t\t<\/div>\n\t\t<\/div>\n\t\t\t\t\t\t\t\t<\/div>\n\t\t\t\t\t<\/div>\n\t\t<\/section>\n\t\t\t\t\t\t<\/div>\n\t\t\t\t\t<\/div>\n\t\t<\/div>\n\t\t\t\t\t\t\t\t<\/div>\n\t\t\t\t\t<\/div>\n\t\t<\/section>\n\t\t\t\t<section class=\"elementor-section elementor-top-section elementor-element elementor-element-d0ca694 elementor-section-boxed elementor-section-height-default elementor-section-height-default\" data-id=\"d0ca694\" data-element_type=\"section\">\n\t\t\t\t\t\t<div class=\"elementor-container elementor-column-gap-default\">\n\t\t\t\t\t\t\t<div class=\"elementor-row\">\n\t\t\t\t\t<div class=\"elementor-column elementor-col-100 elementor-top-column elementor-element elementor-element-09a0c4d\" data-id=\"09a0c4d\" data-element_type=\"column\">\n\t\t\t<div class=\"elementor-column-wrap elementor-element-populated\">\n\t\t\t\t\t\t\t<div class=\"elementor-widget-wrap\">\n\t\t\t\t\t\t<div class=\"elementor-element elementor-element-5b5d430 elementor-widget-divider--view-line elementor-widget elementor-widget-divider\" data-id=\"5b5d430\" data-element_type=\"widget\" data-widget_type=\"divider.default\">\n\t\t\t\t<div class=\"elementor-widget-container\">\n\t\t\t\t\t<div class=\"elementor-divider\">\n\t\t\t<span class=\"elementor-divider-separator\">\n\t\t\t\t\t\t<\/span>\n\t\t<\/div>\n\t\t\t\t<\/div>\n\t\t\t\t<\/div>\n\t\t\t\t\t\t<\/div>\n\t\t\t\t\t<\/div>\n\t\t<\/div>\n\t\t\t\t\t\t\t\t<\/div>\n\t\t\t\t\t<\/div>\n\t\t<\/section>\n\t\t\t\t<section class=\"elementor-section elementor-top-section elementor-element elementor-element-f576867 elementor-section-boxed elementor-section-height-default elementor-section-height-default\" data-id=\"f576867\" data-element_type=\"section\">\n\t\t\t\t\t\t<div class=\"elementor-container elementor-column-gap-default\">\n\t\t\t\t\t\t\t<div class=\"elementor-row\">\n\t\t\t\t\t<div class=\"elementor-column elementor-col-50 elementor-top-column elementor-element elementor-element-a7ab0d1\" data-id=\"a7ab0d1\" data-element_type=\"column\">\n\t\t\t<div class=\"elementor-column-wrap elementor-element-populated\">\n\t\t\t\t\t\t\t<div class=\"elementor-widget-wrap\">\n\t\t\t\t\t\t<div class=\"elementor-element elementor-element-379d61a elementor-widget elementor-widget-image\" data-id=\"379d61a\" data-element_type=\"widget\" data-widget_type=\"image.default\">\n\t\t\t\t<div class=\"elementor-widget-container\">\n\t\t\t\t\t<div class=\"elementor-image\">\n\t\t\t\t\t\t\t\t\t\t<img loading=\"lazy\" decoding=\"async\" width=\"1707\" height=\"2560\" src=\"https:\/\/elifuste.com\/wp-content\/uploads\/2024\/07\/EliFuste\u0301_Maig2024_low-00715-scaled.jpg\" class=\"attachment-full size-full\" alt=\"\" srcset=\"https:\/\/elifuste.com\/wp-content\/uploads\/2024\/07\/EliFuste\u0301_Maig2024_low-00715-scaled.jpg 1707w, https:\/\/elifuste.com\/wp-content\/uploads\/2024\/07\/EliFuste\u0301_Maig2024_low-00715-200x300.jpg 200w, https:\/\/elifuste.com\/wp-content\/uploads\/2024\/07\/EliFuste\u0301_Maig2024_low-00715-683x1024.jpg 683w, https:\/\/elifuste.com\/wp-content\/uploads\/2024\/07\/EliFuste\u0301_Maig2024_low-00715-768x1152.jpg 768w, https:\/\/elifuste.com\/wp-content\/uploads\/2024\/07\/EliFuste\u0301_Maig2024_low-00715-1024x1536.jpg 1024w, https:\/\/elifuste.com\/wp-content\/uploads\/2024\/07\/EliFuste\u0301_Maig2024_low-00715-1365x2048.jpg 1365w, https:\/\/elifuste.com\/wp-content\/uploads\/2024\/07\/EliFuste\u0301_Maig2024_low-00715-440x660.jpg 440w\" sizes=\"auto, (max-width: 1707px) 100vw, 1707px\" \/>\t\t\t\t\t\t\t\t\t\t\t<\/div>\n\t\t\t\t<\/div>\n\t\t\t\t<\/div>\n\t\t\t\t\t\t<\/div>\n\t\t\t\t\t<\/div>\n\t\t<\/div>\n\t\t\t\t<div class=\"elementor-column elementor-col-50 elementor-top-column elementor-element elementor-element-1b4c6b7\" data-id=\"1b4c6b7\" data-element_type=\"column\">\n\t\t\t<div class=\"elementor-column-wrap elementor-element-populated\">\n\t\t\t\t\t\t\t<div class=\"elementor-widget-wrap\">\n\t\t\t\t\t\t<div class=\"elementor-element elementor-element-fa8ec34 elementor-widget elementor-widget-text-editor\" data-id=\"fa8ec34\" data-element_type=\"widget\" data-widget_type=\"text-editor.default\">\n\t\t\t\t<div class=\"elementor-widget-container\">\n\t\t\t\t\t<div class=\"elementor-text-editor elementor-clearfix\"><div class=\"elementor-element elementor-element-3a62b2a elementor-widget elementor-widget-text-editor\" data-id=\"3a62b2a\" data-element_type=\"widget\" data-widget_type=\"text-editor.default\"><div class=\"elementor-widget-container\"><p style=\"text-align: center;\">TE PRESENTO\u2026<\/p><\/div><\/div><div class=\"elementor-element elementor-element-e30c34b elementor-widget elementor-widget-text-editor\" style=\"text-align: center;\" data-id=\"e30c34b\" data-element_type=\"widget\" data-widget_type=\"text-editor.default\"><div class=\"elementor-widget-container\"><h1>YO Y MI HISTORIA<\/h1><\/div><\/div><div class=\"elementor-element elementor-element-b65a05c elementor-widget elementor-widget-spacer\" style=\"text-align: center;\" data-id=\"b65a05c\" data-element_type=\"widget\" data-widget_type=\"spacer.default\"><div class=\"elementor-widget-container\"><div class=\"elementor-spacer\"><div class=\"elementor-spacer-inner\">\u00a0<\/div><\/div><\/div><\/div><div class=\"elementor-element elementor-element-fe49125 elementor-widget elementor-widget-text-editor\" data-id=\"fe49125\" data-element_type=\"widget\" data-widget_type=\"text-editor.default\"><div class=\"elementor-widget-container\"><p style=\"text-align: center;\"><strong>\u00bfTe imaginas vivir una vida m\u00e1s aut\u00e9ntica, coherente y conectada? \u00a1Es posible y est\u00e1 a tu alcance!<\/strong><\/p><p style=\"text-align: center;\"><span style=\"font-weight: 400;\">Este curso gratuito est\u00e1 dise\u00f1ado especialmente para mujeres valientes que est\u00e1n listas para dejar atr\u00e1s las sombras del pasado y abrazar la luz de su presente y futuro.\u00a0 Sum\u00e9rgete en un viaje de autodescubrimiento y empoderamiento, donde aprender\u00e1s a relacionarte contigo misma y con los dem\u00e1s desde un lugar de amor, plenitud y aceptaci\u00f3n.\u00a0<\/span><\/p><p style=\"text-align: center;\"><strong>\u00a1Es hora de liberarte de las limitaciones del pasado y abrazar todo tu potencial!<\/strong><\/p><p style=\"text-align: center;\"><strong>\u00a0RECIBE AHORA EL PRIMER AUDIO.\u00a0<\/strong><\/p><\/div><\/div><\/div>\n\t\t\t\t<\/div>\n\t\t\t\t<\/div>\n\t\t\t\t\t\t<\/div>\n\t\t\t\t\t<\/div>\n\t\t<\/div>\n\t\t\t\t\t\t\t\t<\/div>\n\t\t\t\t\t<\/div>\n\t\t<\/section>\n\t\t\t\t<section class=\"elementor-section elementor-top-section elementor-element elementor-element-2a38185 elementor-section-boxed elementor-section-height-default elementor-section-height-default\" data-id=\"2a38185\" data-element_type=\"section\">\n\t\t\t\t\t\t<div class=\"elementor-container elementor-column-gap-default\">\n\t\t\t\t\t\t\t<div class=\"elementor-row\">\n\t\t\t\t\t<div class=\"elementor-column elementor-col-33 elementor-top-column elementor-element elementor-element-1518217\" data-id=\"1518217\" data-element_type=\"column\">\n\t\t\t<div class=\"elementor-column-wrap\">\n\t\t\t\t\t\t\t<div class=\"elementor-widget-wrap\">\n\t\t\t\t\t\t\t\t<\/div>\n\t\t\t\t\t<\/div>\n\t\t<\/div>\n\t\t\t\t<div class=\"elementor-column elementor-col-33 elementor-top-column elementor-element elementor-element-1b4c104\" data-id=\"1b4c104\" data-element_type=\"column\">\n\t\t\t<div class=\"elementor-column-wrap elementor-element-populated\">\n\t\t\t\t\t\t\t<div class=\"elementor-widget-wrap\">\n\t\t\t\t\t\t<div class=\"elementor-element elementor-element-9e882b2 elementor-widget elementor-widget-wp-widget-mailerlite_widget\" data-id=\"9e882b2\" data-element_type=\"widget\" data-widget_type=\"wp-widget-mailerlite_widget.default\">\n\t\t\t\t<div class=\"elementor-widget-container\">\n\t\t\t                <div class=\"ml-embedded\" data-form=\"wFNvjG\"><\/div>\n            \t\t<\/div>\n\t\t\t\t<\/div>\n\t\t\t\t\t\t<\/div>\n\t\t\t\t\t<\/div>\n\t\t<\/div>\n\t\t\t\t<div class=\"elementor-column elementor-col-33 elementor-top-column elementor-element elementor-element-a4c7395\" data-id=\"a4c7395\" data-element_type=\"column\">\n\t\t\t<div class=\"elementor-column-wrap\">\n\t\t\t\t\t\t\t<div class=\"elementor-widget-wrap\">\n\t\t\t\t\t\t\t\t<\/div>\n\t\t\t\t\t<\/div>\n\t\t<\/div>\n\t\t\t\t\t\t\t\t<\/div>\n\t\t\t\t\t<\/div>\n\t\t<\/section>\n\t\t\t\t<section class=\"elementor-section elementor-top-section elementor-element elementor-element-967f9fa elementor-section-boxed elementor-section-height-default elementor-section-height-default\" data-id=\"967f9fa\" data-element_type=\"section\">\n\t\t\t\t\t\t<div class=\"elementor-container elementor-column-gap-default\">\n\t\t\t\t\t\t\t<div class=\"elementor-row\">\n\t\t\t\t\t<div class=\"elementor-column elementor-col-100 elementor-top-column elementor-element elementor-element-228c2b8\" data-id=\"228c2b8\" data-element_type=\"column\">\n\t\t\t<div class=\"elementor-column-wrap elementor-element-populated\">\n\t\t\t\t\t\t\t<div class=\"elementor-widget-wrap\">\n\t\t\t\t\t\t<div class=\"elementor-element elementor-element-e4ccf57 elementor-widget elementor-widget-spacer\" data-id=\"e4ccf57\" data-element_type=\"widget\" data-widget_type=\"spacer.default\">\n\t\t\t\t<div class=\"elementor-widget-container\">\n\t\t\t\t\t<div class=\"elementor-spacer\">\n\t\t\t<div class=\"elementor-spacer-inner\"><\/div>\n\t\t<\/div>\n\t\t\t\t<\/div>\n\t\t\t\t<\/div>\n\t\t\t\t\t\t<\/div>\n\t\t\t\t\t<\/div>\n\t\t<\/div>\n\t\t\t\t\t\t\t\t<\/div>\n\t\t\t\t\t<\/div>\n\t\t<\/section>\n\t\t\t\t<section class=\"elementor-section elementor-top-section elementor-element elementor-element-2e78d2e elementor-section-boxed elementor-section-height-default elementor-section-height-default\" data-id=\"2e78d2e\" data-element_type=\"section\">\n\t\t\t\t\t\t<div class=\"elementor-container elementor-column-gap-default\">\n\t\t\t\t\t\t\t<div class=\"elementor-row\">\n\t\t\t\t\t<div class=\"elementor-column elementor-col-100 elementor-top-column elementor-element elementor-element-6b0d475\" data-id=\"6b0d475\" data-element_type=\"column\">\n\t\t\t<div class=\"elementor-column-wrap elementor-element-populated\">\n\t\t\t\t\t\t\t<div class=\"elementor-widget-wrap\">\n\t\t\t\t\t\t<div class=\"elementor-element elementor-element-c4739f0 elementor-widget elementor-widget-spacer\" data-id=\"c4739f0\" data-element_type=\"widget\" data-widget_type=\"spacer.default\">\n\t\t\t\t<div class=\"elementor-widget-container\">\n\t\t\t\t\t<div class=\"elementor-spacer\">\n\t\t\t<div class=\"elementor-spacer-inner\"><\/div>\n\t\t<\/div>\n\t\t\t\t<\/div>\n\t\t\t\t<\/div>\n\t\t\t\t<div class=\"elementor-element elementor-element-c45fc2e elementor-widget elementor-widget-spacer\" data-id=\"c45fc2e\" data-element_type=\"widget\" data-widget_type=\"spacer.default\">\n\t\t\t\t<div class=\"elementor-widget-container\">\n\t\t\t\t\t<div class=\"elementor-spacer\">\n\t\t\t<div class=\"elementor-spacer-inner\"><\/div>\n\t\t<\/div>\n\t\t\t\t<\/div>\n\t\t\t\t<\/div>\n\t\t\t\t\t\t<\/div>\n\t\t\t\t\t<\/div>\n\t\t<\/div>\n\t\t\t\t\t\t\t\t<\/div>\n\t\t\t\t\t<\/div>\n\t\t<\/section>\n\t\t\t\t<section class=\"elementor-section elementor-top-section elementor-element elementor-element-ffe332f elementor-section-boxed elementor-section-height-default elementor-section-height-default\" data-id=\"ffe332f\" data-element_type=\"section\">\n\t\t\t\t\t\t<div class=\"elementor-container elementor-column-gap-default\">\n\t\t\t\t\t\t\t<div class=\"elementor-row\">\n\t\t\t\t\t<div class=\"elementor-column elementor-col-100 elementor-top-column elementor-element elementor-element-ba29c1b\" data-id=\"ba29c1b\" data-element_type=\"column\">\n\t\t\t<div class=\"elementor-column-wrap elementor-element-populated\">\n\t\t\t\t\t\t\t<div class=\"elementor-widget-wrap\">\n\t\t\t\t\t\t<div class=\"elementor-element elementor-element-85fc82c elementor-widget elementor-widget-spacer\" data-id=\"85fc82c\" data-element_type=\"widget\" data-widget_type=\"spacer.default\">\n\t\t\t\t<div class=\"elementor-widget-container\">\n\t\t\t\t\t<div class=\"elementor-spacer\">\n\t\t\t<div class=\"elementor-spacer-inner\"><\/div>\n\t\t<\/div>\n\t\t\t\t<\/div>\n\t\t\t\t<\/div>\n\t\t\t\t\t\t<\/div>\n\t\t\t\t\t<\/div>\n\t\t<\/div>\n\t\t\t\t\t\t\t\t<\/div>\n\t\t\t\t\t<\/div>\n\t\t<\/section>\n\t\t\t\t\t\t<\/div>\n\t\t\t\t\t\t<\/div>\n\t\t\t\t\t<\/div>\n\t\t","protected":false},"excerpt":{"rendered":"<p>\u00bfEst\u00e1s lista para desatar el poder de tu historia y transformar tu presente?\u00a0 \u00a0\u273a\u00a1Es hora de brillar como nunca antes! [&hellip;]<\/p>\n","protected":false},"author":2,"featured_media":0,"parent":0,"menu_order":0,"comment_status":"closed","ping_status":"closed","template":"elementor_header_footer","meta":{"footnotes":""},"class_list":["post-7546","page","type-page","status-publish","hentry"],"yoast_head":"<!-- This site is optimized with the Yoast SEO plugin v26.8 - https:\/\/yoast.com\/product\/yoast-seo-wordpress\/ -->\n<title>Yo y mi historia | Eli Fust\u00e9 | Artterapeuta - Coach familiar - Terapeuta Gestalt Girona<\/title>\n<meta name=\"description\" content=\"Curso gratuito para mujeres valientes que est\u00e1n listas para dejar atr\u00e1s las sombras del pasado y abrazar la luz de su presente y futuro.\" \/>\n<meta name=\"robots\" content=\"index, follow, max-snippet:-1, max-image-preview:large, max-video-preview:-1\" \/>\n<link rel=\"canonical\" href=\"https:\/\/elifuste.com\/es\/yo-y-mi-historia\/\" \/>\n<meta property=\"og:locale\" content=\"es_ES\" \/>\n<meta property=\"og:type\" content=\"article\" \/>\n<meta property=\"og:title\" content=\"Yo y mi historia | Eli Fust\u00e9 | Artterapeuta - Coach familiar - Terapeuta Gestalt Girona\" \/>\n<meta property=\"og:description\" content=\"Curso gratuito para mujeres valientes que est\u00e1n listas para dejar atr\u00e1s las sombras del pasado y abrazar la luz de su presente y futuro.\" \/>\n<meta property=\"og:url\" content=\"https:\/\/elifuste.com\/es\/yo-y-mi-historia\/\" \/>\n<meta property=\"og:site_name\" content=\"Eli Fust\u00e9 | Artterapeuta - Coach familiar - Terapeuta Gestalt Girona\" \/>\n<meta property=\"article:publisher\" content=\"https:\/\/www.facebook.com\/elifuste.terapeuta\/\" \/>\n<meta property=\"article:modified_time\" content=\"2024-07-17T11:17:41+00:00\" \/>\n<meta property=\"og:image\" content=\"https:\/\/elifuste.com\/wp-content\/uploads\/2024\/07\/EliFuste\u0301_Maig2024_low-00715-scaled.jpg\" \/>\n<meta name=\"twitter:card\" content=\"summary_large_image\" \/>\n<meta name=\"twitter:label1\" content=\"Tiempo de lectura\" \/>\n\t<meta name=\"twitter:data1\" content=\"1 minuto\" \/>\n<script type=\"application\/ld+json\" class=\"yoast-schema-graph\">{\"@context\":\"https:\/\/schema.org\",\"@graph\":[{\"@type\":\"WebPage\",\"@id\":\"https:\/\/elifuste.com\/es\/yo-y-mi-historia\/\",\"url\":\"https:\/\/elifuste.com\/es\/yo-y-mi-historia\/\",\"name\":\"Yo y mi historia | Eli Fust\u00e9 | Artterapeuta - Coach familiar - Terapeuta Gestalt Girona\",\"isPartOf\":{\"@id\":\"https:\/\/elifuste.com\/es\/#website\"},\"datePublished\":\"2024-04-04T16:20:13+00:00\",\"dateModified\":\"2024-07-17T11:17:41+00:00\",\"description\":\"Curso gratuito para mujeres valientes que est\u00e1n listas para dejar atr\u00e1s las sombras del pasado y abrazar la luz de su presente y futuro.\",\"breadcrumb\":{\"@id\":\"https:\/\/elifuste.com\/es\/yo-y-mi-historia\/#breadcrumb\"},\"inLanguage\":\"es\",\"potentialAction\":[{\"@type\":\"ReadAction\",\"target\":[\"https:\/\/elifuste.com\/es\/yo-y-mi-historia\/\"]}]},{\"@type\":\"BreadcrumbList\",\"@id\":\"https:\/\/elifuste.com\/es\/yo-y-mi-historia\/#breadcrumb\",\"itemListElement\":[{\"@type\":\"ListItem\",\"position\":1,\"name\":\"Inici\",\"item\":\"https:\/\/elifuste.com\/es\/\"},{\"@type\":\"ListItem\",\"position\":2,\"name\":\"Yo y mi historia\"}]},{\"@type\":\"WebSite\",\"@id\":\"https:\/\/elifuste.com\/es\/#website\",\"url\":\"https:\/\/elifuste.com\/es\/\",\"name\":\"Eli Fust\u00e9 | Artterapeuta - Coach familiar - Terapeuta Gestalt Girona\",\"description\":\"Hola. S\u00f3c l&#039;Eli, artterapeuta, coach familiar i estudiant de psicologia Gestalt. Endavant\",\"publisher\":{\"@id\":\"https:\/\/elifuste.com\/es\/#organization\"},\"potentialAction\":[{\"@type\":\"SearchAction\",\"target\":{\"@type\":\"EntryPoint\",\"urlTemplate\":\"https:\/\/elifuste.com\/es\/?s={search_term_string}\"},\"query-input\":{\"@type\":\"PropertyValueSpecification\",\"valueRequired\":true,\"valueName\":\"search_term_string\"}}],\"inLanguage\":\"es\"},{\"@type\":\"Organization\",\"@id\":\"https:\/\/elifuste.com\/es\/#organization\",\"name\":\"Eli Fust\u00e9\",\"url\":\"https:\/\/elifuste.com\/es\/\",\"logo\":{\"@type\":\"ImageObject\",\"inLanguage\":\"es\",\"@id\":\"https:\/\/elifuste.com\/es\/#\/schema\/logo\/image\/\",\"url\":\"https:\/\/elifuste.com\/wp-content\/uploads\/2019\/10\/Logo-web-pos-Eli-Fuste.png\",\"contentUrl\":\"https:\/\/elifuste.com\/wp-content\/uploads\/2019\/10\/Logo-web-pos-Eli-Fuste.png\",\"width\":200,\"height\":60,\"caption\":\"Eli Fust\u00e9\"},\"image\":{\"@id\":\"https:\/\/elifuste.com\/es\/#\/schema\/logo\/image\/\"},\"sameAs\":[\"https:\/\/www.facebook.com\/elifuste.terapeuta\/\",\"https:\/\/www.instagram.com\/elifuste.terapeuta\/\",\"https:\/\/www.linkedin.com\/in\/elisendafuste\/\"]}]}<\/script>\n<!-- \/ Yoast SEO plugin. -->","yoast_head_json":{"title":"Yo y mi historia | Eli Fust\u00e9 | Artterapeuta - Coach familiar - Terapeuta Gestalt Girona","description":"Curso gratuito para mujeres valientes que est\u00e1n listas para dejar atr\u00e1s las sombras del pasado y abrazar la luz de su presente y futuro.","robots":{"index":"index","follow":"follow","max-snippet":"max-snippet:-1","max-image-preview":"max-image-preview:large","max-video-preview":"max-video-preview:-1"},"canonical":"https:\/\/elifuste.com\/es\/yo-y-mi-historia\/","og_locale":"es_ES","og_type":"article","og_title":"Yo y mi historia | Eli Fust\u00e9 | Artterapeuta - Coach familiar - Terapeuta Gestalt Girona","og_description":"Curso gratuito para mujeres valientes que est\u00e1n listas para dejar atr\u00e1s las sombras del pasado y abrazar la luz de su presente y futuro.","og_url":"https:\/\/elifuste.com\/es\/yo-y-mi-historia\/","og_site_name":"Eli Fust\u00e9 | Artterapeuta - Coach familiar - Terapeuta Gestalt Girona","article_publisher":"https:\/\/www.facebook.com\/elifuste.terapeuta\/","article_modified_time":"2024-07-17T11:17:41+00:00","og_image":[{"url":"https:\/\/elifuste.com\/wp-content\/uploads\/2024\/07\/EliFuste\u0301_Maig2024_low-00715-scaled.jpg","type":"","width":"","height":""}],"twitter_card":"summary_large_image","twitter_misc":{"Tiempo de lectura":"1 minuto"},"schema":{"@context":"https:\/\/schema.org","@graph":[{"@type":"WebPage","@id":"https:\/\/elifuste.com\/es\/yo-y-mi-historia\/","url":"https:\/\/elifuste.com\/es\/yo-y-mi-historia\/","name":"Yo y mi historia | Eli Fust\u00e9 | Artterapeuta - Coach familiar - Terapeuta Gestalt Girona","isPartOf":{"@id":"https:\/\/elifuste.com\/es\/#website"},"datePublished":"2024-04-04T16:20:13+00:00","dateModified":"2024-07-17T11:17:41+00:00","description":"Curso gratuito para mujeres valientes que est\u00e1n listas para dejar atr\u00e1s las sombras del pasado y abrazar la luz de su presente y futuro.","breadcrumb":{"@id":"https:\/\/elifuste.com\/es\/yo-y-mi-historia\/#breadcrumb"},"inLanguage":"es","potentialAction":[{"@type":"ReadAction","target":["https:\/\/elifuste.com\/es\/yo-y-mi-historia\/"]}]},{"@type":"BreadcrumbList","@id":"https:\/\/elifuste.com\/es\/yo-y-mi-historia\/#breadcrumb","itemListElement":[{"@type":"ListItem","position":1,"name":"Inici","item":"https:\/\/elifuste.com\/es\/"},{"@type":"ListItem","position":2,"name":"Yo y mi historia"}]},{"@type":"WebSite","@id":"https:\/\/elifuste.com\/es\/#website","url":"https:\/\/elifuste.com\/es\/","name":"Eli Fust\u00e9 | Artterapeuta - Coach familiar - Terapeuta Gestalt Girona","description":"Hola. S\u00f3c l&#039;Eli, artterapeuta, coach familiar i estudiant de psicologia Gestalt. Endavant","publisher":{"@id":"https:\/\/elifuste.com\/es\/#organization"},"potentialAction":[{"@type":"SearchAction","target":{"@type":"EntryPoint","urlTemplate":"https:\/\/elifuste.com\/es\/?s={search_term_string}"},"query-input":{"@type":"PropertyValueSpecification","valueRequired":true,"valueName":"search_term_string"}}],"inLanguage":"es"},{"@type":"Organization","@id":"https:\/\/elifuste.com\/es\/#organization","name":"Eli Fust\u00e9","url":"https:\/\/elifuste.com\/es\/","logo":{"@type":"ImageObject","inLanguage":"es","@id":"https:\/\/elifuste.com\/es\/#\/schema\/logo\/image\/","url":"https:\/\/elifuste.com\/wp-content\/uploads\/2019\/10\/Logo-web-pos-Eli-Fuste.png","contentUrl":"https:\/\/elifuste.com\/wp-content\/uploads\/2019\/10\/Logo-web-pos-Eli-Fuste.png","width":200,"height":60,"caption":"Eli Fust\u00e9"},"image":{"@id":"https:\/\/elifuste.com\/es\/#\/schema\/logo\/image\/"},"sameAs":["https:\/\/www.facebook.com\/elifuste.terapeuta\/","https:\/\/www.instagram.com\/elifuste.terapeuta\/","https:\/\/www.linkedin.com\/in\/elisendafuste\/"]}]}},"_links":{"self":[{"href":"https:\/\/elifuste.com\/es\/wp-json\/wp\/v2\/pages\/7546","targetHints":{"allow":["GET"]}}],"collection":[{"href":"https:\/\/elifuste.com\/es\/wp-json\/wp\/v2\/pages"}],"about":[{"href":"https:\/\/elifuste.com\/es\/wp-json\/wp\/v2\/types\/page"}],"author":[{"embeddable":true,"href":"https:\/\/elifuste.com\/es\/wp-json\/wp\/v2\/users\/2"}],"replies":[{"embeddable":true,"href":"https:\/\/elifuste.com\/es\/wp-json\/wp\/v2\/comments?post=7546"}],"version-history":[{"count":3,"href":"https:\/\/elifuste.com\/es\/wp-json\/wp\/v2\/pages\/7546\/revisions"}],"predecessor-version":[{"id":7876,"href":"https:\/\/elifuste.com\/es\/wp-json\/wp\/v2\/pages\/7546\/revisions\/7876"}],"wp:attachment":[{"href":"https:\/\/elifuste.com\/es\/wp-json\/wp\/v2\/media?parent=7546"}],"curies":[{"name":"wp","href":"https:\/\/api.w.org\/{rel}","templated":true}]}}